{"id":3269,"date":"2020-05-15T21:30:12","date_gmt":"2020-05-15T21:30:12","guid":{"rendered":"http:\/\/festemacherei.de\/?page_id=3269"},"modified":"2024-06-05T21:04:57","modified_gmt":"2024-06-05T21:04:57","slug":"impressum","status":"publish","type":"page","link":"https:\/\/festemacherei.de\/index.php\/impressum\/","title":{"rendered":"AGB \/ Impressum \/ Disclaimer"},"content":{"rendered":"<div class=\"fusion-fullwidth fullwidth-box fusion-builder-row-1 nonhundred-percent-fullwidth non-hundred-percent-height-scrolling\" style=\"background-color: #ffffff;background-position: center center;background-repeat: no-repeat;padding-top:0px;padding-right:0px;padding-bottom:0px;padding-left:0px;margin-bottom: 0px;margin-top: 0px;border-width: 0px 0px 0px 0px;border-color:#eae9e9;border-style:solid;\" ><div class=\"fusion-builder-row fusion-row\"><div class=\"fusion-layout-column fusion_builder_column fusion-builder-column-0 fusion_builder_column_1_1 1_1 fusion-one-full fusion-column-first fusion-column-last\" style=\"margin-top:0px;margin-bottom:0px;\"><div class=\"fusion-column-wrapper fusion-flex-column-wrapper-legacy\" style=\"background-position:left top;background-repeat:no-repeat;-webkit-background-size:cover;-moz-background-size:cover;-o-background-size:cover;background-size:cover;padding: 0px 0px 0px 0px;\"><div class=\"fusion-text fusion-text-1\" style=\"transform:translate3d(0,0,0);\"><p style=\"font-size: 16px; line-height: 28.8px;\"><span style=\"color: var(--h1_typography-color); font-family: var(--h1_typography-font-family); font-size: var(--h1_typography-font-size); font-style: var(--h1_typography-font-style,normal); font-weight: var(--h1_typography-font-weight); letter-spacing: var(--h1_typography-letter-spacing);\">Impressum<br \/>\n<\/span><\/p>\n<p style=\"font-size: 16px; line-height: 8px;\" data-fusion-font=\"true\"><b>Festemacherei GmbH<\/b><\/p>\n<p style=\"font-size: 16px; line-height: 8px;\" data-fusion-font=\"true\"><span style=\"color: var(--h1_typography-color); font-family: var(--h1_typography-font-family); font-style: var(--h1_typography-font-style,normal); font-weight: var(--h1_typography-font-weight); letter-spacing: var(--h1_typography-letter-spacing);\"><br \/><\/span><\/p>\n<p style=\"font-size: 16px; line-height: 8px;\" data-fusion-font=\"true\"><span style=\"color: var(--h1_typography-color); font-family: var(--h1_typography-font-family); font-style: var(--h1_typography-font-style,normal); font-weight: var(--h1_typography-font-weight); letter-spacing: var(--h1_typography-letter-spacing);\">Vertreten durch die Gesch\u00e4ftsf\u00fchrer Quirin und Verena Hirling<\/span><\/p>\n<p><span style=\"color: var(--h1_typography-color); font-family: var(--h1_typography-font-family); font-style: var(--h1_typography-font-style,normal); font-weight: var(--h1_typography-font-weight); letter-spacing: var(--h1_typography-letter-spacing);\"><span style=\"line-height: 28px;\" data-fusion-font=\"true\">Am Technologiepark 14<br \/><\/span><\/span><span style=\"color: var(--h1_typography-color); font-family: var(--h1_typography-font-family); font-style: var(--h1_typography-font-style,normal); font-weight: var(--h1_typography-font-weight); letter-spacing: var(--h1_typography-letter-spacing); font-size: var(--body_typography-font-size);\">82229 Seefeld<\/span><\/p>\n<p style=\"font-size: 16px; line-height: 8px;\" data-fusion-font=\"true\"><span style=\"color: var(--h1_typography-color); font-family: var(--h1_typography-font-family); font-style: var(--h1_typography-font-style,normal); font-weight: var(--h1_typography-font-weight); letter-spacing: var(--h1_typography-letter-spacing);\"><span style=\"line-height: 28px;\" data-fusion-font=\"true\">Tel.: 0179 3952585<\/span><\/span><\/p>\n<p><span style=\"color: var(--h1_typography-color); font-family: var(--h1_typography-font-family); font-style: var(--h1_typography-font-style,normal); letter-spacing: var(--h1_typography-letter-spacing); font-size: var(--body_typography-font-size);\">Email: info@festemacherei.de<\/span><\/p>\n<p style=\"font-size: 16px; line-height: 28px;\" data-fusion-font=\"true\">Steuernummer: 102\/126\/30018<br \/>\nUSt-ID: DE367269954 <\/p>\n<p>REGISTEREINTRAG:<\/p>\n<p><span style=\"color: var(--body_typography-color); font-family: var(--body_typography-font-family); font-size: var(--body_typography-font-size); font-style: var(--body_typography-font-style,normal); font-weight: var(--body_typography-font-weight); letter-spacing: var(--body_typography-letter-spacing);\">Eintragung im Handelsregister.<br \/><\/span><\/p>\n<p><span style=\"color: var(--body_typography-color); font-family: var(--body_typography-font-family); font-size: var(--body_typography-font-size); font-style: var(--body_typography-font-style,normal); font-weight: var(--body_typography-font-weight); letter-spacing: var(--body_typography-letter-spacing);\">Registergericht: Amtsgericht M\u00fcnchen<br \/><\/span><\/p>\n<p><span style=\"color: var(--body_typography-color); font-family: var(--body_typography-font-family); font-size: var(--body_typography-font-size); font-style: var(--body_typography-font-style,normal); font-weight: var(--body_typography-font-weight); letter-spacing: var(--body_typography-letter-spacing);\">Registernummer: HRB 291958<\/span><\/p>\n<\/p>\n<p style=\"font-size: 16px; line-height: 28px;\" data-fusion-font=\"true\"><span style=\"color: var(--h1_typography-color); font-family: var(--h1_typography-font-family); font-style: var(--h1_typography-font-style,normal); font-weight: var(--h1_typography-font-weight); letter-spacing: var(--h1_typography-letter-spacing);\">Gerichtsstand: Amtsgericht Starnberg<\/span><\/p>\n<\/div><div class=\"fusion-text fusion-text-2\" style=\"transform:translate3d(0,0,0);\"><h1 class=\"fusion-responsive-typography-calculated\" style=\"--fontsize: 54; line-height: 1.16;\" data-fontsize=\"54\" data-lineheight=\"62.64px\">Unsere Liefer\u2013 und Gesch\u00e4ftsbedingungen<\/h1>\n<p>Die ausgeliehenen bzw. gemieteten Artikel sind Eigentum der Firma Festemacherei GbR.<br \/>\nDie genannten Preise sind Selbstabholerpreise.<br \/>\nAn\u2013 und Abtransport wird auf Wunsch des Mieters durch den Vermieter \u00fcbernommen. Die Kosten sind abzustimmen.<br \/>\nAlle Preise verstehen sich zuz\u00fcglich der gesetzlichen Mehrwertsteuer.<br \/>\nDer Mietpreis ist f\u00e4llig bei der \u00dcbernahme der Mietgegenst\u00e4nde.<br \/>\nDie Miet\u2013 und Leihartikel werden nur f\u00fcr den vereinbarten Zeitraum zur Verf\u00fcgung gestellt. Die Mietgeb\u00fchr wird f\u00fcr 2 Tage oder Wochenende Freitag bis Montag gerechnet. Ausgenommen sind Messen und Ausstellungen. Falls die Gegenst\u00e4nde nicht rechtzeitig zur\u00fcckgegeben werden, verl\u00e4ngert sich der Mietpreis um 15 % des Grundpreises pro Tag.<br \/>\nNach \u00dcbernahme der Mietartikel wird vom Vermieter in keiner Weise f\u00fcr eventuell auftretende Sch\u00e4den an Garderobe und Gesundheit bei der Benutzung w\u00e4hrend der Mietdauer gehaftet. Eventuelle Schadenersatzanspr\u00fcche dritter Personen tr\u00e4gt der Mieter.<br \/>\nEine Veranstaltungsversicherung, sowie Sturmversicherung ist empfehlenswert.<br \/>\nDer Mieter verpflichtet sich, die gemieteten Gegenst\u00e4nde pfleglich zu behandeln und diese in einwandfreiem Zustand zur\u00fcckzugeben. Fehlmengen, Bruch und Besch\u00e4digungen jeglicher Art, gehen zu Lasten des Mieters. Bei Verlust oder Bruch hat der Mieter Schadenersatz in H\u00f6he des Kaufpreises zu leisten.<br \/>\nSofern nichts anderes vereinbart wurde, wird f\u00fcr verschmutzte Mietgegenst\u00e4nde eine Reinigungsgeb\u00fchr von 35 % des Mietpreises berechnet.<br \/>\nGerichtsstand und Erf\u00fcllungsort sind Germering.<br \/>\nF\u00fcr die Mietzeit vom 01.10. bis 31.03. erfolgt ein Winterzuschlag von 25 % auf Zelte.<br \/>\nPreis\u00e4nderungen vorbehalten.<\/p>\n<h4 class=\"fusion-responsive-typography-calculated\" style=\"--fontsize: 28; line-height: 1.36;\" data-fontsize=\"28\" data-lineheight=\"38.08px\">Mietbedingungen Zelte<\/h4>\n<h6 class=\"fusion-responsive-typography-calculated\" style=\"--fontsize: 18; line-height: 1.5; --minfontsize: 18;\" data-fontsize=\"18\" data-lineheight=\"27px\">1. Allgemeines<\/h6>\n<p>Wir bieten, sofern nicht ausdr\u00fccklich Anderes schriftlich vereinbart, freibleibend an. Der Mietvertrag kommt zustande durch unsere schriftliche Best\u00e4tigung oder durch tats\u00e4chliche \u00dcberlassung der Mietsache an den Mieter. M\u00fcndliche Vereinbarungen sind nur wirksam bei schriftlicher Best\u00e4tigung durch uns. Unsere Mietbedingungen gelten auch f\u00fcr k\u00fcnftige Mietverh\u00e4ltnisse.<br \/>\nErkl\u00e4rungen, deren Wirkung etwa vorhandene mehrere Mieter ber\u00fchren, sind wirksam, wenn sie von oder gegen\u00fcber einem von ihnen abgegeben werden. Etwa vorhandene mehrere Mieter haften f\u00fcr die Verpflichtung aus dem Vertrag als Gesamtschuldner.<\/p>\n<h6 class=\"fusion-responsive-typography-calculated\" style=\"--fontsize: 18; line-height: 1.5; --minfontsize: 18;\" data-fontsize=\"18\" data-lineheight=\"27px\">2. Lieferung und Genehmigungen<\/h6>\n<p>Sofern nicht ausdr\u00fccklich anderes schriftlich vereinbart ist, ist die Mietsache bei uns oder bei der von uns bezeichneten Stelle vom Mieter abzuholen. F\u00fcr den Fall vereinbarter Lieferung an den Mieter bestimmen wir die Art der Versendung. Versandkosten tr\u00e4gt der Mieter. Die Gefahr geht bei Lieferung auf den Kunden \u00fcber mit \u00dcbergabe an Spediteur oder Abholer, sp\u00e4testens mit Verlassen des Lagers.<br \/>\nWird die Mietsache nicht fristgerecht abgenommen, sind wir berechtigt nach unserer Wahl den Mietzins oder Schadensersatz wegen Nichterf\u00fcllung zu verlangen, oder vom Vertrag zur\u00fcckzutreten.<br \/>\nSofern wir den Aufbau der Mietsache vertraglich \u00fcbernehmen, gelten folgende Besonderheiten: Die Baustelle muss mit schweren LKW und Kranfahrzeugen erreichbar und befahrbar sein. Die ben\u00f6tigten Hilfskr\u00e4fte hat der Mieter zu stellen. Wartezeiten und vom Mieter zu vertretende sonstige Kosten werden gesondert berechnet. Geringf\u00fcgige zeitliche Verz\u00f6gerungen unsererseits berechtigen den Mieter nicht zu Mietzinsk\u00fcrzungen oder zur Zur\u00fcckbehaltung, und insbesondere nicht zu eigenm\u00e4chtigem Auf- oder Abbau der Mietsache ohne unseren Richtmeister. Bei Zuwiderhandlung wird eine Vertragsstrafe f\u00fcr den Mieter von \u20ac 1.000,00 sofort f\u00e4llig. Die Geltendmachung eines h\u00f6heren Schadens bleibt ausdr\u00fccklich vorbehalten.<br \/>\nDie Einholung von Baugenehmigungen, Zeltaufstellanzeigen, sowie jegliche Art von Genehmigungen ist ausschlie\u00dflich Angelegenheit des Mieters. Das Vertragsverh\u00e4ltnis wird daher durch verweigerte oder von versp\u00e4tete Genehmigungen oder beh\u00f6rdliche Auflagen nicht ber\u00fchrt und entbindet den Mieter nicht von seiner Zahlungspflicht.<br \/>\nDas von uns f\u00fcr die Dauer des Mietverh\u00e4ltnisses f\u00fcr die beh\u00f6rdliche Zeltabnahme zur Verf\u00fcgung gestellte Baubuch ist mit Beendigung des Mietverh\u00e4ltnisses an uns zur\u00fcck zu geben.<br \/>\nKosten und Geb\u00fchren f\u00fcr erforderliche beh\u00f6rdliche Genehmigungen sind vom Mieter zu tragen.<\/p>\n<h6 class=\"fusion-responsive-typography-calculated\" style=\"--fontsize: 18; line-height: 1.5; --minfontsize: 18;\" data-fontsize=\"18\" data-lineheight=\"27px\">3. Lieferfristen<\/h6>\n<p>Die von uns genannten Lieferfristen und Liefertermine sind nur dann verbindlich, wenn sie von uns schriftlich als verbindlich best\u00e4tigt wurden. Grundlegende Betriebsst\u00f6rungen, insbesondere aufgrund von nicht von uns zu vertretende Rohstoff- oder Arbeitskr\u00e4ftemangel, Streik, Aussperrung, Verkehrsst\u00f6rungen oder anderer h\u00f6herer Gewalt befreien beide Vertragsparteien von den Vertragspflichten. Schadenersatzanspr\u00fcche wegen versp\u00e4teter Lieferung oder Leistung sind ausgeschlossen, soweit uns nicht grobe Fahrl\u00e4ssigkeit oder Vorsatz nachgewiesen werden kann. Bei wesentlicher Verschlechterung der Verm\u00f6gensverh\u00e4ltnisse des Mieters, insbesondere bei Zahlungseinstellung, Konkurs- oder Vergleichser\u00f6ffnung, entf\u00e4llt unsere Lieferpflicht.<br \/>\nSoweit der Transport der gemieteten Zelthalle durch einen von uns zu beauftragenden Spediteur erfolgen soll, haften wir f\u00fcr eine durch den Spediteur verursachte Lieferverz\u00f6gerung nicht, sofern das Mietobjekt von uns rechtzeitig dem Spediteur \u00fcbergeben wurde.<br \/>\nAngemessene Teillieferungen werden uns erlaubt.<br \/>\nSofern die vertraglich geschuldete Mietsache nicht in vereinbarter Gr\u00f6\u00dfe lieferbar ist, sind wir berechtigt, gleichwertigen Ersatz zu liefern.<\/p>\n<h6 class=\"fusion-responsive-typography-calculated\" style=\"--fontsize: 18; line-height: 1.5; --minfontsize: 18;\" data-fontsize=\"18\" data-lineheight=\"27px\">4. Mietzins<\/h6>\n<p>Es gilt ausschlie\u00dflich der von uns schriftlich best\u00e4tigte Mietzins.<br \/>\n\u00c4nderungen des Mietzinses behalten wir uns vor, wenn sich bis zum Beginn des Mietverh\u00e4ltnisses Rohstoffpreise, L\u00f6hne, Transportkosten, Steuers\u00e4tze oder sonstige Kostenfaktoren mit unmittelbarer Auswirkung auf unsere Kalkulation \u00e4ndern. Im Falle der unberechtigten Weigerung des Mieters die gemietete Zelthalle zu \u00fcbernehmen ist, unbeschadet der M\u00f6glichkeit, einen h\u00f6heren tats\u00e4chlichen Schaden geltend zu machen, 30 % der Auftragssumme (Mietkosten, Montagekosten, sonstige Nebenkosten etc.) als Entsch\u00e4digung ohne Nachweis als Schadenersatz geschuldet.<br \/>\nErfolgt der R\u00fccktritt des Mieters nicht mindestens acht Wochen vor Beginn des Mietverh\u00e4ltnisses, hat der Mieter die vereinbarte Miete voll zu ersetzen.<\/p>\n<h6 class=\"fusion-responsive-typography-calculated\" style=\"--fontsize: 18; line-height: 1.5; --minfontsize: 18;\" data-fontsize=\"18\" data-lineheight=\"27px\">5. Zahlungsweise<\/h6>\n<p>Sofern nicht ausdr\u00fccklich Anderes schriftlich vereinbart ist, sind die Mietzinsen bei Abholung der Mietsache durch den Mieter in voller H\u00f6he in bar oder mit bankbest\u00e4tigtem Scheck zu bezahlen. Wechsel werden nur aufgrund ausdr\u00fccklicher vorheriger Vereinbarung angenommen. S\u00e4mtliche Kosten aus der Annahme von Schecks und Wechseln tr\u00e4gt der Mieter. Wird dem Mieter eine andere Zahlungsweise als Vorauskasse einger\u00e4umt, sind wir berechtigt eine von uns festzulegende Kaution zu verlangen.<br \/>\nBei Bekanntwerden von Verschlechterungen der wirtschaftlichen Lage des Mieters sind wir unter Widerruf vereinbarter Zahlungsziele berechtigt sofortige Zahlung zu verlangen oder vom Vertrag zur\u00fcckzutreten, wenn nicht der Mieter dingliche Sicherheit leistet.<br \/>\nBei Zahlungsverzug des Mieters wird die gesamte Mietzinsforderung sofort f\u00e4llig. Zus\u00e4tzlich sind wir berechtigt Verzugszinsen in H\u00f6he der von uns zu entrichtenden Bankzinsen, mindestens aber 1 % aus der Gesamtforderung, f\u00fcr jeden angefangenen Monat zu berechnen.<br \/>\nDer Mieter kann nur aufrechnen, wenn seine Anspr\u00fcche unbestritten oder rechtskr\u00e4ftig festgestellt sind. Zur\u00fcckbehaltungsrechte gegen\u00fcber unseren Forderungen, insbesondere wegen M\u00e4ngelgew\u00e4hrleistunsgsanspr\u00fcchen, sind \u2013 soweit gesetzlich zul\u00e4ssig \u2013 ausgeschlossen.<\/p>\n<h6 class=\"fusion-responsive-typography-calculated\" style=\"--fontsize: 18; line-height: 1.5; --minfontsize: 18;\" data-fontsize=\"18\" data-lineheight=\"27px\">6. Gew\u00e4hrleistung und Haftung<\/h6>\n<p>Die Mietsache ist vom Mieter bei Abholung zu \u00fcberpr\u00fcfen, insbesondere auf ihre Vollst\u00e4ndigkeit. Erkennbare M\u00e4ngel m\u00fcssen sofort nach Erhalt der Ware, uns schriftlich mitgeteilt sein. Im Alle berechtigter M\u00e4ngelr\u00fcge leisten wir nach unserer Wahl Nachbesserung oder liefern Ersatz. Das Recht des Mieters, nach zweimaliger fehlgeschlagener Nachbesserung oder mangelhafter Ersatzlieferung Herabsetzung des Mietzinses zu verlangen, bleibt unber\u00fchrt. Schadenersatzanspr\u00fcche kommen nur in Betracht bei nachgewiesener grob fahrl\u00e4ssiger Schlechtlieferung und bei Nichteinhaltung schriftlich zugesicherter besonderer Eigenschaften der Mietsache, beschr\u00e4nkt auf Sch\u00e4den, die erkennbar im Rahmen der gegebenen Zuscherung liegen.<br \/>\nDie Sch\u00e4den, die w\u00e4hrend der Dauer des Mietverh\u00e4ltnisses durch Wind und Sturm an der Mietsache entstehen und die Gebrauchsm\u00f6glichkeit der Mietsache einschr\u00e4nken, berechtigen den Mieter nicht zur Mietzinsminderung und verpflichten uns nicht zur kostenfreien Nachbesserung oder Schadensbeseitigung, es sei denn, dass die Sch\u00e4den auf grob fahrl\u00e4ssiges Verhalten oder Vorsatz unserer Richtmeister oder sonstigen Erf\u00fcllungsgehilfen zur\u00fcckzuf\u00fchren sind. Sturmsch\u00e4den an Einrichtungs- und Ausstellungsgegenst\u00e4nden werden von uns nicht \u00fcbernommen, es sei denn, dass die Sch\u00e4den auf grob fahrl\u00e4ssiges Verhalten oder Vorsatz unserer Richtmeister oder sonstigen Erf\u00fcllungsgehilfen zur\u00fcckzuf\u00fchren sind. Bei aufkommenden starkem Wind ist die Zelthalle ringsum zu verschlie\u00dfen. Sch\u00e4den, die w\u00e4hrend der Dauer des Mietverh\u00e4ltnisses durch Wasser und Schnee entstehen und die Gebrauchsm\u00f6glichkeit der Mietsache einschr\u00e4nken, berechtigen den Mieter nicht zur Mietzinsminderung und verpflichten uns nicht zur kostenfreien Nachbesserung oder Schadensbeseitigung, es sei denn, es liegt grobe Fahrl\u00e4ssigkeit oder Vorsatz unsererseits bei der Impr\u00e4gnierung und der Beschichtung der Dach- und Seitenbekleidung des Zeltmaterial vor. Wir haften auch nicht f\u00fcr Wasser- und Schneesch\u00e4den an vom Mieter eingebrachten Einrichtungs- und Ausstellungsgegenst\u00e4nden, es sei denn, dass grobe Fahrl\u00e4ssigkeit oder Vorsatz unsererseits vorliegen sollte.<br \/>\nDer Mieter hat f\u00fcr all diese Risiken (Wind, Sturm, Wasser, Schnee, Feuer oder h\u00f6here Gewalt) geeignete Versicherungen abzuschlie\u00dfen.<br \/>\nBeauftragt uns der Mieter im Schadensfalle mit der Schadenbeseitigung, hat er die erforderlichen Kosten bei Durchf\u00fchrung der Schadensbeseitigung sofort zu entrichten.<br \/>\nF\u00fcr die Baustellen ist ausschlie\u00dflich der Mieter verantwortlich. Er hat insbesondere daf\u00fcr zu sorgen, dass ober- und unterirdische Leitungen, Rohre, Kabel und sonstige Hindernisse vor Baubeginn entfernt werden oder uns vor Baubeginn schriftliche Unterlagen vorzulegen, aus denen der genaue Verlauf unterirdischer Hindernisse ersichtlich ist. F\u00fcr Sch\u00e4den, die infolge Nichtbeachtung dieser Mieterpflichten entstehen, haftet allein der Mieter.<\/p>\n<h6 class=\"fusion-responsive-typography-calculated\" style=\"--fontsize: 18; line-height: 1.5; --minfontsize: 18;\" data-fontsize=\"18\" data-lineheight=\"27px\">7. Erf\u00fcllungsort und Gerichtsstand<\/h6>\n<p>Erf\u00fcllungsort ist unsere Firma in Germering oder die von uns bezeichnete Abholstelle. Gerichtsstand ist unter Vollkaufleuten 82256 F\u00fcrstenfeldbruck. Es gilt ausschlie\u00dflich das Recht der Bundesrepublik Deutschland.<\/p>\n<\/div><div class=\"fusion-text fusion-text-3\" style=\"transform:translate3d(0,0,0);\"><h1>Disclaimer<\/h1>\n<p style=\"font-size: 16px; line-height: 28.8px;\"><span style=\"color: var(--h1_typography-color); font-family: var(--h1_typography-font-family); font-style: var(--h1_typography-font-style,normal); letter-spacing: var(--h1_typography-letter-spacing); font-size: 24px;\" data-fusion-font=\"true\"><b>Haftungsauschluss<\/b><\/span><\/p>\n<p style=\"font-size: 16px; line-height: 28.8px;\" data-fusion-font=\"true\">Bei direkten oder indirekten Verweisen auf fremde Internetseiten (&#8222;Links&#8220;), die au\u00dferhalb des Verantwortungsbereiches des Autors liegen, w\u00fcrde eine Haftungsverpflichtung ausschlie\u00dflich in dem Fall in Kraft treten, in dem der Autor von den Inhalten Kenntnis hat und es ihm technisch m\u00f6glich und zumutbar w\u00e4re, die Nutzung im Falle rechtswidriger Inhalte zu verhindern.<\/p>\n<p style=\"font-size: 16px; line-height: 28.8px;\" data-fusion-font=\"true\">Der Autor erkl\u00e4rt daher ausdr\u00fccklich, dass zum Zeitpunkt der Linksetzung die entsprechenden verlinkten Seiten frei von illegalen Inhalten waren. Der Autor hat keinerlei Einfluss auf die aktuelle und zuk\u00fcnftige Gestaltung und auf die Inhalte der gelinkten\/verkn\u00fcpften Seiten.<\/p>\n<p style=\"font-size: 16px; line-height: 28.8px;\" data-fusion-font=\"true\">Deshalb distanziert er sich hiermit ausdr\u00fccklich von allen Inhalten aller gelinkten \/verkn\u00fcpften Seiten, die nach der Linksetzung ver\u00e4ndert wurden. Diese Feststellung gilt f\u00fcr alle innerhalb des eigenen Internetangebotes gesetzten Links und Verweise.<\/p>\n<p style=\"font-size: 16px; line-height: 28.8px;\" data-fusion-font=\"true\">F\u00fcr illegale, fehlerhafte oder unvollst\u00e4ndige Inhalte und insbesondere f\u00fcr Sch\u00e4den, die aus der Nutzung oder Nichtnutzung solcherart dargebotener Informationen entstehen, haftet allein der Anbieter der Seite, auf welche verwiesen wurde, nicht derjenige, der \u00fcber Links auf die jeweilige Ver\u00f6ffentlichung lediglich verweist.<\/p>\n<\/div><div class=\"fusion-clearfix\"><\/div><\/div><\/div><div class=\"fusion-layout-column fusion_builder_column fusion-builder-column-1 fusion_builder_column_1_1 1_1 fusion-one-full fusion-column-first fusion-column-last\" style=\"margin-top:0px;margin-bottom:0px;\"><div class=\"fusion-column-wrapper fusion-flex-column-wrapper-legacy\" style=\"background-position:left top;background-repeat:no-repeat;-webkit-background-size:cover;-moz-background-size:cover;-o-background-size:cover;background-size:cover;padding: 0px 0px 0px 0px;\"><div class=\"fusion-sep-clear\"><\/div><div class=\"fusion-separator fusion-full-width-sep\" style=\"margin-left: auto;margin-right: auto;width:100%;\"><div class=\"fusion-separator-border sep-single sep-solid\" style=\"border-color:#e0dede;border-top-width:1px;\"><\/div><\/div><div class=\"fusion-sep-clear\"><\/div><div class=\"fusion-clearfix\"><\/div><\/div><\/div><\/div><\/div>\n","protected":false},"excerpt":{"rendered":"","protected":false},"author":1,"featured_media":0,"parent":0,"menu_order":0,"comment_status":"closed","ping_status":"closed","template":"","meta":{"footnotes":""},"class_list":["post-3269","page","type-page","status-publish","hentry"],"_links":{"self":[{"href":"https:\/\/festemacherei.de\/index.php\/wp-json\/wp\/v2\/pages\/3269","targetHints":{"allow":["GET"]}}],"collection":[{"href":"https:\/\/festemacherei.de\/index.php\/wp-json\/wp\/v2\/pages"}],"about":[{"href":"https:\/\/festemacherei.de\/index.php\/wp-json\/wp\/v2\/types\/page"}],"author":[{"embeddable":true,"href":"https:\/\/festemacherei.de\/index.php\/wp-json\/wp\/v2\/users\/1"}],"replies":[{"embeddable":true,"href":"https:\/\/festemacherei.de\/index.php\/wp-json\/wp\/v2\/comments?post=3269"}],"version-history":[{"count":19,"href":"https:\/\/festemacherei.de\/index.php\/wp-json\/wp\/v2\/pages\/3269\/revisions"}],"predecessor-version":[{"id":4223,"href":"https:\/\/festemacherei.de\/index.php\/wp-json\/wp\/v2\/pages\/3269\/revisions\/4223"}],"wp:attachment":[{"href":"https:\/\/festemacherei.de\/index.php\/wp-json\/wp\/v2\/media?parent=3269"}],"curies":[{"name":"wp","href":"https:\/\/api.w.org\/{rel}","templated":true}]}}