{"id":3623,"date":"2021-02-20T16:35:27","date_gmt":"2021-02-20T16:35:27","guid":{"rendered":"https:\/\/festemacherei.de\/?page_id=3623"},"modified":"2021-02-20T16:37:15","modified_gmt":"2021-02-20T16:37:15","slug":"teilnahmebedingungen-gewinnspiel2021","status":"publish","type":"page","link":"https:\/\/festemacherei.de\/index.php\/teilnahmebedingungen-gewinnspiel2021\/","title":{"rendered":"Gewinnspiel"},"content":{"rendered":"<div class=\"fusion-fullwidth fullwidth-box fusion-builder-row-1 fusion-flex-container nonhundred-percent-fullwidth non-hundred-percent-height-scrolling\" style=\"background-color: #ffffff;background-position: center center;background-repeat: no-repeat;border-width: 0px 0px 0px 0px;border-color:#eae9e9;border-style:solid;\" ><div class=\"fusion-builder-row fusion-row fusion-flex-align-items-flex-start\" style=\"max-width:1248px;margin-left: calc(-4% \/ 2 );margin-right: calc(-4% \/ 2 );\"><div class=\"fusion-layout-column fusion_builder_column fusion-builder-column-0 fusion_builder_column_1_1 1_1 fusion-flex-column\"><div class=\"fusion-column-wrapper fusion-flex-justify-content-flex-start fusion-content-layout-column\" style=\"background-position:left top;background-repeat:no-repeat;-webkit-background-size:cover;-moz-background-size:cover;-o-background-size:cover;background-size:cover;padding: 0px 0px 0px 0px;\"><style type=\"text\/css\">@media only screen and (max-width:1024px) {.fusion-title.fusion-title-1{margin-top:10px!important;margin-bottom:15px!important;}}@media only screen and (max-width:640px) {.fusion-title.fusion-title-1{margin-top:10px!important;margin-bottom:10px!important;}}<\/style><div class=\"fusion-title title fusion-title-1 fusion-sep-none fusion-title-center fusion-title-text fusion-title-size-one\" style=\"margin-top:10px;margin-bottom:15px;\"><h1 class=\"title-heading-center\" style=\"margin:0;\">Gewinnspiel<\/h1><\/div><div class=\"fusion-text fusion-text-1\" style=\"transform:translate3d(0,0,0);\"><p><b>Teilnahmebedingungen<\/b><\/p>\n<p>Die Teilnahme am Gewinnspiel von der Festemacherei nachfolgend Betreiber oder Veranstalter genannt, ist kostenlos und richtet sich ausschlie\u00dflich nach diesen Teilnahmebedingungen.<\/p>\n<p>Ablauf des Gewinnspiels<\/p>\n<p>Die Dauer des Gewinnspiels erstreckt sich vom 21.02.2021, 16:00 Uhr bis zum 07.03.2021, 16:00 Uhr. Innerhalb dieses Zeitraums erhalten Nutzer online die M\u00f6glichkeit, am Gewinnspiel teilzunehmen.<\/p>\n<p><b>Teilnahme<\/b><\/p>\n<p>Um am Gewinnspiel teilzunehmen, ist folgendes notwendig:<\/p>\n<p>&#8211; Dem Instagram Account von Festemacherei folgen<\/p>\n<p><span style=\"color: var(--body_typography-color); font-family: var(--body_typography-font-family); font-size: var(--body_typography-font-size); font-style: var(--body_typography-font-style,normal); font-weight: var(--body_typography-font-weight); letter-spacing: var(--body_typography-letter-spacing);\">&#8211; den Gewinnspielbeitrag liken<br \/>\n<\/span><\/p>\n<p><span style=\"color: var(--body_typography-color); font-family: var(--body_typography-font-family); font-size: var(--body_typography-font-size); font-style: var(--body_typography-font-style,normal); font-weight: var(--body_typography-font-weight); letter-spacing: var(--body_typography-letter-spacing);\">&#8211; kommentieren warum du gerne den Geschenkkorb gewinnen m\u00f6chtest<br \/>\n<\/span><\/p>\n<p><span style=\"color: var(--body_typography-color); font-family: var(--body_typography-font-family); font-size: var(--body_typography-font-size); font-style: var(--body_typography-font-style,normal); font-weight: var(--body_typography-font-weight); letter-spacing: var(--body_typography-letter-spacing);\">&#8211; zwei Freunde markieren die sich auch \u00fcber den Geschenkkorb freuen w\u00fcrden. <\/span><\/p>\n<p><span style=\"color: var(--body_typography-color); font-family: var(--body_typography-font-family); font-size: var(--body_typography-font-size); font-style: var(--body_typography-font-style,normal); font-weight: var(--body_typography-font-weight); letter-spacing: var(--body_typography-letter-spacing);\">Die Teilnahme ist nur innerhalb des Teilnahmezeitraums m\u00f6glich. Nach Teilnahmeschluss eingehende Einsendungen werden bei der Auslosung nicht ber\u00fccksichtigt.<\/span><\/p>\n<p>Die Teilnahme am Gewinnspiel ist kostenlos.<\/p>\n<p><b>Teilnahmeberechtigte<\/b><\/p>\n<p>Teilnahmeberechtigt sind nat\u00fcrliche Personen, die Ihren Wohnsitz in Deutschland und das 18. Lebensjahr vollendet haben. Die Teilnahme ist nicht auf Kunden des Veranstalters beschr\u00e4nkt und nicht vom Erwerb einer Ware oder Dienstleistung abh\u00e4ngig.<\/p>\n<p>Sollte ein Teilnehmer in seiner Gesch\u00e4ftsf\u00e4higkeit eingeschr\u00e4nkt sein, bedarf es der Einwilligung seines gesetzlichen Vertreters.<\/p>\n<p>Nicht teilnahmeberechtigt am Gewinnspiel sind alle an der Konzeption und Umsetzung des Gewinnspiels beteiligte Personen und Mitarbeiter des Betreibers sowie ihre Familienmitglieder. Zudem beh\u00e4lt sich der Betreiber vor, nach eigenem Ermessen Personen von der Teilnahme auszuschlie\u00dfen, wenn berechtigte Gr\u00fcnde vorliegen, beispielsweise<\/p>\n<p>(a) bei Manipulationen im Zusammenhang mit Zugang zum oder Durchf\u00fchrung des Gewinnspiels, (b) bei Verst\u00f6\u00dfen gegen diese Teilnahmebedingungen, (c) bei unlauterem Handeln oder (d) bei falschen oder irref\u00fchrenden Angaben im Zusammenhang mit der Teilnahme an dem Gewinnspiel.<\/p>\n<p><b>Gewinn, Benachrichtigung und \u00dcbermittlung des Gewinns<\/b><\/p>\n<p>Folgender Preis wird vergeben:<\/p>\n<p>&#8211; Italienischer Geschenkkorb<\/p>\n<p>Die Ermittlung der Gewinner erfolgt nach Teilnahmeschluss im Rahmen einer auf dem Zufallsprinzip beruhenden Verlosung unter allen Teilnehmern. Ist das Gewinnspiel mit einer Aufgabe verkn\u00fcpft, kommen ausschlie\u00dflich diejenigen Teilnehmer in die Verlosung, welche die Aufgabe korrekt durchgef\u00fchrt haben.<\/p>\n<p>Die Gewinner der Verlosung werden zeitnah im Beitrag verlinkt und zur Kontaktaufnahme aufgefordert.<\/p>\n<p>Die Aush\u00e4ndigung des Gewinns erfolgt ausschlie\u00dflich an den Gewinner oder an den gesetzlichen Vertreter des minderj\u00e4hrigen Gewinners. Ein Umtausch, eine Selbstabholung sowie eine Barauszahlung des Gewinns sind nicht m\u00f6glich.<\/p>\n<p><span style=\"color: var(--body_typography-color); font-family: var(--body_typography-font-family); font-size: var(--body_typography-font-size); font-style: var(--body_typography-font-style,normal); font-weight: var(--body_typography-font-weight); letter-spacing: var(--body_typography-letter-spacing);\">Ein Versand ist nicht m\u00f6glich. Der Gewinn muss vom Gewinner pers\u00f6nlich an folgender Adresse abgeholt werden:<\/span><\/p>\n<p>Am Technologiepark 14, 82229 Seefeld<\/p>\n<p>Meldet sich der Gewinner nach zweifacher Aufforderung innerhalb einer Frist von 3 Wochen nicht, kann der Gewinn auf einen anderen Teilnehmer \u00fcbertragen werden.<\/p>\n<p><b>Beendigung des Gewinnspiels<\/b><\/p>\n<p>Der Veranstalter beh\u00e4lt sich ausdr\u00fccklich vor, das Gewinnspiel ohne vorherige Ank\u00fcndigung und ohne Mitteilung von Gr\u00fcnden zu beenden. Dies gilt insbesondere f\u00fcr jegliche Gr\u00fcnde, die einen planm\u00e4\u00dfigen Ablauf des Gewinnspiels st\u00f6ren oder verhindern w\u00fcrden.<\/p>\n<p><b>Datenschutz<\/b><\/p>\n<p>F\u00fcr die Teilnahme am Gewinnspiel ist die Angabe von pers\u00f6nlichen Daten notwendig. Der Teilnehmer versichert, dass die von ihm gemachten Angaben zur Person, insbesondere Vor-, Nachname und Emailadresse wahrheitsgem\u00e4\u00df und richtig sind.<\/p>\n<p>Der Veranstalter weist darauf hin, dass s\u00e4mtliche personenbezogenen Daten des Teilnehmers ohne Einverst\u00e4ndnis weder an Dritte weitergegeben noch diesen zur Nutzung \u00fcberlassen werden.<\/p>\n<p><span style=\"color: var(--body_typography-color); font-family: var(--body_typography-font-family); font-size: var(--body_typography-font-size); font-style: var(--body_typography-font-style,normal); font-weight: var(--body_typography-font-weight); letter-spacing: var(--body_typography-letter-spacing);\">Im Falle eines Gewinns, erkl\u00e4rt sich der Gewinner mit der Ver\u00f6ffentlichung seines Namens und Wohnorts in den vom Veranstalter genutzten Werbemedien einverstanden. Dies schlie\u00dft die Bekanntgabe des Gewinners auf der Webseite des Betreibers und seinen Social Media Plattformen mit ein.<\/span><\/p>\n<p>Der Teilnehmer kann seine erkl\u00e4rte Einwilligung jederzeit widerrufen. Der Widerruf ist schriftlich an die im Impressumsbereich der Gewinnspiel App angegebenen Kontaktdaten des Veranstalters zu richten. Nach Widerruf der Einwilligung werden die erhobenen und gespeicherten personenbezogenen Daten des Teilnehmers umgehend gel\u00f6scht.<\/p>\n<p><b>Instagram Disclaimer<\/b><\/p>\n<p>Diese Aktion steht in keiner Verbindung zu Instagram und wird in keiner Weise von Instagram gesponsert, unterst\u00fctzt oder organisiert.<\/p>\n<p><b>Anwendbares Recht<\/b><\/p>\n<p>Fragen oder Beanstandungen im Zusammenhang mit dem Gewinnspiel sind an den Betreiber zu richten. Kontaktm\u00f6glichkeiten finden sich im Impressumsbereich der Gewinnspiel App.<\/p>\n<p>Das Gewinnspiel des Betreibers unterliegt ausschlie\u00dflich dem Recht der Bundesrepublik Deutschland. Der Rechtsweg ist ausgeschlossen.<\/p>\n<p><b>Salvatorische Klausel<\/b><\/p>\n<p>Sollte eine Bestimmung dieser Teilnahmebedingungen ganz oder teilweise unwirksam sein oder werden, so wird dadurch die G\u00fcltigkeit dieser Teilnahmebedingungen im \u00dcbrigen nicht ber\u00fchrt. Statt der unwirksamen Bestimmung gilt diejenige gesetzlich zul\u00e4ssige Regelung, die dem in der unwirksamen Bestimmung zum Ausdruck gekommenen Sinn und Zweck wirtschaftlich am n\u00e4chsten kommt. Entsprechendes gilt f\u00fcr den Fall des Vorliegens einer Regelungsl\u00fccke in diesen Teilnahmebedingungen.<\/p>\n<p>Viel <b>Gl\u00fcck <\/b>und <b>Erfolg <\/b>w\u00fcnscht das Team von der <b>Festemacherei<\/b>!<\/p>\n<\/div><\/div><\/div><style type=\"text\/css\">.fusion-body .fusion-builder-column-0{width:100% !important;margin-top : 0px;margin-bottom : 20px;}.fusion-builder-column-0 > .fusion-column-wrapper {padding-top : 0px !important;padding-right : 0px !important;margin-right : 1.92%;padding-bottom : 0px !important;padding-left : 0px !important;margin-left : 1.92%;}@media only screen and (max-width:1024px) {.fusion-body .fusion-builder-column-0{width:100% !important;order : 0;}.fusion-builder-column-0 > .fusion-column-wrapper {margin-right : 1.92%;margin-left : 1.92%;}}@media only screen and (max-width:640px) {.fusion-body .fusion-builder-column-0{width:100% !important;order : 0;}.fusion-builder-column-0 > .fusion-column-wrapper {margin-right : 1.92%;margin-left : 1.92%;}}<\/style><\/div><style type=\"text\/css\">.fusion-body .fusion-flex-container.fusion-builder-row-1{ padding-top : 0px;margin-top : 0px;padding-right : 0px;padding-bottom : 0px;margin-bottom : 0px;padding-left : 0px;}<\/style><\/div>\n","protected":false},"excerpt":{"rendered":"","protected":false},"author":2,"featured_media":0,"parent":0,"menu_order":0,"comment_status":"closed","ping_status":"closed","template":"","meta":{"footnotes":""},"class_list":["post-3623","page","type-page","status-publish","hentry"],"_links":{"self":[{"href":"https:\/\/festemacherei.de\/index.php\/wp-json\/wp\/v2\/pages\/3623","targetHints":{"allow":["GET"]}}],"collection":[{"href":"https:\/\/festemacherei.de\/index.php\/wp-json\/wp\/v2\/pages"}],"about":[{"href":"https:\/\/festemacherei.de\/index.php\/wp-json\/wp\/v2\/types\/page"}],"author":[{"embeddable":true,"href":"https:\/\/festemacherei.de\/index.php\/wp-json\/wp\/v2\/users\/2"}],"replies":[{"embeddable":true,"href":"https:\/\/festemacherei.de\/index.php\/wp-json\/wp\/v2\/comments?post=3623"}],"version-history":[{"count":6,"href":"https:\/\/festemacherei.de\/index.php\/wp-json\/wp\/v2\/pages\/3623\/revisions"}],"predecessor-version":[{"id":3629,"href":"https:\/\/festemacherei.de\/index.php\/wp-json\/wp\/v2\/pages\/3623\/revisions\/3629"}],"wp:attachment":[{"href":"https:\/\/festemacherei.de\/index.php\/wp-json\/wp\/v2\/media?parent=3623"}],"curies":[{"name":"wp","href":"https:\/\/api.w.org\/{rel}","templated":true}]}}